{"id":319,"date":"2025-11-13T10:01:18","date_gmt":"2025-11-13T10:01:18","guid":{"rendered":"https:\/\/cnr-international.com\/contact\/"},"modified":"2025-11-16T12:27:57","modified_gmt":"2025-11-16T12:27:57","slug":"iletisim","status":"publish","type":"page","link":"https:\/\/cnr-international.com\/tr\/iletisim\/","title":{"rendered":"\u0130leti\u015fim"},"content":{"rendered":"\t\t<div data-elementor-type=\"wp-page\" data-elementor-id=\"319\" class=\"elementor elementor-319\">\n\t\t\t\t<div class=\"elementor-element elementor-element-94f01c0 e-flex e-con-boxed e-con e-parent\" data-id=\"94f01c0\" data-element_type=\"container\" data-settings=\"{&quot;background_background&quot;:&quot;classic&quot;}\">\n\t\t\t\t\t<div class=\"e-con-inner\">\n\t\t\t\t<div class=\"elementor-element elementor-element-ba8c4c0 elementor-widget elementor-widget-image-box\" data-id=\"ba8c4c0\" data-element_type=\"widget\" data-widget_type=\"image-box.default\">\n\t\t\t\t<div class=\"elementor-widget-container\">\n\t\t\t\t\t<div class=\"elementor-image-box-wrapper\"><div class=\"elementor-image-box-content\"><h1 class=\"elementor-image-box-title\">\u0130leti\u015fim<\/h1><\/div><\/div>\t\t\t\t<\/div>\n\t\t\t\t<\/div>\n\t\t\t\t\t<\/div>\n\t\t\t\t<\/div>\n\t\t<div class=\"elementor-element elementor-element-b427cb8 e-flex e-con-boxed e-con e-parent\" data-id=\"b427cb8\" data-element_type=\"container\" data-settings=\"{&quot;background_background&quot;:&quot;classic&quot;}\">\n\t\t\t\t\t<div class=\"e-con-inner\">\n\t\t<div class=\"elementor-element elementor-element-0271cda e-con-full e-flex e-con e-child\" data-id=\"0271cda\" data-element_type=\"container\" data-settings=\"{&quot;background_background&quot;:&quot;classic&quot;}\">\n\t\t<div class=\"elementor-element elementor-element-304b4e5 e-con-full e-flex e-con e-child\" data-id=\"304b4e5\" data-element_type=\"container\">\n\t\t\t\t<div class=\"elementor-element elementor-element-721f50b elementor-widget elementor-widget-heading\" data-id=\"721f50b\" data-element_type=\"widget\" data-widget_type=\"heading.default\">\n\t\t\t\t<div class=\"elementor-widget-container\">\n\t\t\t\t\t<p class=\"elementor-heading-title elementor-size-default\">E-Mail<\/p>\t\t\t\t<\/div>\n\t\t\t\t<\/div>\n\t\t\t\t<div class=\"elementor-element elementor-element-399ecd1 elementor-widget elementor-widget-heading\" data-id=\"399ecd1\" data-element_type=\"widget\" data-widget_type=\"heading.default\">\n\t\t\t\t<div class=\"elementor-widget-container\">\n\t\t\t\t\t<h6 class=\"elementor-heading-title elementor-size-default\">info@cnr-international.com<\/h6>\t\t\t\t<\/div>\n\t\t\t\t<\/div>\n\t\t\t\t<\/div>\n\t\t<div class=\"elementor-element elementor-element-d4eb1d9 e-con-full e-flex e-con e-child\" data-id=\"d4eb1d9\" data-element_type=\"container\">\n\t\t\t\t<div class=\"elementor-element elementor-element-f51218b elementor-widget elementor-widget-heading\" data-id=\"f51218b\" data-element_type=\"widget\" data-widget_type=\"heading.default\">\n\t\t\t\t<div class=\"elementor-widget-container\">\n\t\t\t\t\t<p class=\"elementor-heading-title elementor-size-default\">Akl\u0131na tak\u0131lan bir \u015fey mi var?<\/p>\t\t\t\t<\/div>\n\t\t\t\t<\/div>\n\t\t\t\t<div class=\"elementor-element elementor-element-835d4d4 elementor-widget elementor-widget-heading\" data-id=\"835d4d4\" data-element_type=\"widget\" data-widget_type=\"heading.default\">\n\t\t\t\t<div class=\"elementor-widget-container\">\n\t\t\t\t\t<h6 class=\"elementor-heading-title elementor-size-default\">Hemen bizimle ileti\u015fime ge\u00e7.<\/h6>\t\t\t\t<\/div>\n\t\t\t\t<\/div>\n\t\t\t\t<\/div>\n\t\t\t\t<\/div>\n\t\t<div class=\"elementor-element elementor-element-cebd81e e-con-full e-flex e-con e-child\" data-id=\"cebd81e\" data-element_type=\"container\">\n\t\t<div class=\"elementor-element elementor-element-a1e05eb e-con-full e-flex e-con e-child\" data-id=\"a1e05eb\" data-element_type=\"container\">\n\t\t\t\t<div class=\"elementor-element elementor-element-66d4310 elementor-widget elementor-widget-heading\" data-id=\"66d4310\" data-element_type=\"widget\" data-widget_type=\"heading.default\">\n\t\t\t\t<div class=\"elementor-widget-container\">\n\t\t\t\t\t<p class=\"elementor-heading-title elementor-size-default\">\u0130leti\u015fime Ge\u00e7in<\/p>\t\t\t\t<\/div>\n\t\t\t\t<\/div>\n\t\t\t\t<div class=\"elementor-element elementor-element-ddd017c elementor-widget elementor-widget-image-box\" data-id=\"ddd017c\" data-element_type=\"widget\" data-widget_type=\"image-box.default\">\n\t\t\t\t<div class=\"elementor-widget-container\">\n\t\t\t\t\t<div class=\"elementor-image-box-wrapper\"><div class=\"elementor-image-box-content\"><h2 class=\"elementor-image-box-title\">Size yard\u0131mc\u0131 olmak i\u00e7in buraday\u0131z.<\/h2><p class=\"elementor-image-box-description\">Birlikte, Amerika pazar\u0131nda s\u00fcrd\u00fcr\u00fclebilir bir ba\u015far\u0131 hik\u00e2yesi yazabiliriz.<\/p><\/div><\/div>\t\t\t\t<\/div>\n\t\t\t\t<\/div>\n\t\t\t\t<div class=\"elementor-element elementor-element-9611544 elementor-widget-divider--view-line elementor-widget elementor-widget-divider\" data-id=\"9611544\" data-element_type=\"widget\" data-widget_type=\"divider.default\">\n\t\t\t\t<div class=\"elementor-widget-container\">\n\t\t\t\t\t\t\t<div class=\"elementor-divider\">\n\t\t\t<span class=\"elementor-divider-separator\">\n\t\t\t\t\t\t<\/span>\n\t\t<\/div>\n\t\t\t\t\t\t<\/div>\n\t\t\t\t<\/div>\n\t\t\t\t<div class=\"elementor-element elementor-element-bc1fa16 elementor-widget elementor-widget-image-box\" data-id=\"bc1fa16\" data-element_type=\"widget\" data-widget_type=\"image-box.default\">\n\t\t\t\t<div class=\"elementor-widget-container\">\n\t\t\t\t\t<div class=\"elementor-image-box-wrapper\"><div class=\"elementor-image-box-content\"><h6 class=\"elementor-image-box-title\">\u0130leti\u015fim<\/h6><p class=\"elementor-image-box-description\">info@cnr-international.com<\/p><\/div><\/div>\t\t\t\t<\/div>\n\t\t\t\t<\/div>\n\t\t\t\t<div class=\"elementor-element elementor-element-f25d426 elementor-widget-divider--view-line elementor-widget elementor-widget-divider\" data-id=\"f25d426\" data-element_type=\"widget\" data-widget_type=\"divider.default\">\n\t\t\t\t<div class=\"elementor-widget-container\">\n\t\t\t\t\t\t\t<div class=\"elementor-divider\">\n\t\t\t<span class=\"elementor-divider-separator\">\n\t\t\t\t\t\t<\/span>\n\t\t<\/div>\n\t\t\t\t\t\t<\/div>\n\t\t\t\t<\/div>\n\t\t\t\t<\/div>\n\t\t<div class=\"elementor-element elementor-element-37f8abc e-con-full e-flex e-con e-child\" data-id=\"37f8abc\" data-element_type=\"container\">\n\t\t\t\t<div class=\"elementor-element elementor-element-3064180 elementor-widget elementor-widget-wpforms\" data-id=\"3064180\" data-element_type=\"widget\" data-widget_type=\"wpforms.default\">\n\t\t\t\t<div class=\"elementor-widget-container\">\n\t\t\t\t\t<div class=\"wpforms-container wpforms-render-modern\" id=\"wpforms-2022\"><form id=\"wpforms-form-2022\" class=\"wpforms-validate wpforms-form wpforms-ajax-form\" data-formid=\"2022\" method=\"post\" enctype=\"multipart\/form-data\" action=\"\/tr\/wp-json\/wp\/v2\/pages\/319\" data-token=\"ab593b1ecc276c3cc45cf3b9b3808438\" data-token-time=\"1776091258\"><noscript class=\"wpforms-error-noscript\">Bu formu bitirebilmek i\u00e7in taray\u0131c\u0131n\u0131zda JavaScript&#039;i etkinle\u015ftirin.<\/noscript><div id=\"wpforms-error-noscript\" style=\"display: none;\">Bu formu bitirebilmek i\u00e7in taray\u0131c\u0131n\u0131zda JavaScript&#039;i etkinle\u015ftirin.<\/div><div class=\"wpforms-field-container\"><div id=\"wpforms-2022-field_1-container\" class=\"wpforms-field wpforms-field-name\" data-field-id=\"1\"><label class=\"wpforms-field-label\" for=\"wpforms-2022-field_1\">Ad Soyad <span class=\"wpforms-required-label\" aria-hidden=\"true\">*<\/span><\/label><input type=\"text\" id=\"wpforms-2022-field_1\" class=\"wpforms-field-medium wpforms-field-required\" name=\"wpforms[fields][1]\" aria-errormessage=\"wpforms-2022-field_1-error\" required><\/div>\t\t<div id=\"wpforms-2022-field_4-container\"\n\t\t\tclass=\"wpforms-field wpforms-field-text\"\n\t\t\tdata-field-type=\"text\"\n\t\t\tdata-field-id=\"4\"\n\t\t\t>\n\t\t\t<label class=\"wpforms-field-label\" for=\"wpforms-2022-field_4\" >Mesaj Soyad Email<\/label>\n\t\t\t<input type=\"text\" id=\"wpforms-2022-field_4\" class=\"wpforms-field-medium\" name=\"wpforms[fields][4]\" >\n\t\t<\/div>\n\t\t<div id=\"wpforms-2022-field_2-container\" class=\"wpforms-field wpforms-field-email\" data-field-id=\"2\"><label class=\"wpforms-field-label\" for=\"wpforms-2022-field_2\">Email <span class=\"wpforms-required-label\" aria-hidden=\"true\">*<\/span><\/label><input type=\"email\" id=\"wpforms-2022-field_2\" class=\"wpforms-field-medium wpforms-field-required\" name=\"wpforms[fields][2]\" spellcheck=\"false\" aria-errormessage=\"wpforms-2022-field_2-error\" required><\/div><div id=\"wpforms-2022-field_3-container\" class=\"wpforms-field wpforms-field-textarea\" data-field-id=\"3\"><label class=\"wpforms-field-label\" for=\"wpforms-2022-field_3\">Mesaj<\/label><textarea id=\"wpforms-2022-field_3\" class=\"wpforms-field-medium\" name=\"wpforms[fields][3]\" aria-errormessage=\"wpforms-2022-field_3-error\" ><\/textarea><\/div><script>\n\t\t\t\t( function() {\n\t\t\t\t\tconst style = document.createElement( 'style' );\n\t\t\t\t\tstyle.appendChild( document.createTextNode( '#wpforms-2022-field_4-container { position: absolute !important; overflow: hidden !important; display: inline !important; height: 1px !important; width: 1px !important; z-index: -1000 !important; padding: 0 !important; } #wpforms-2022-field_4-container input { visibility: hidden; } #wpforms-conversational-form-page #wpforms-2022-field_4-container label { counter-increment: none; }' ) );\n\t\t\t\t\tdocument.head.appendChild( style );\n\t\t\t\t\tdocument.currentScript?.remove();\n\t\t\t\t} )();\n\t\t\t<\/script><\/div><!-- .wpforms-field-container --><div class=\"wpforms-submit-container\" ><input type=\"hidden\" name=\"wpforms[id]\" value=\"2022\"><input type=\"hidden\" name=\"page_title\" value=\"\"><input type=\"hidden\" name=\"page_url\" value=\"https:\/\/cnr-international.com\/tr\/wp-json\/wp\/v2\/pages\/319\"><input type=\"hidden\" name=\"url_referer\" value=\"\"><button type=\"submit\" name=\"wpforms[submit]\" id=\"wpforms-submit-2022\" class=\"wpforms-submit\" data-alt-text=\"G\u00f6nderiliyor...\" data-submit-text=\"G\u00f6nder\" aria-live=\"assertive\" value=\"wpforms-submit\">G\u00f6nder<\/button><img decoding=\"async\" src=\"https:\/\/cnr-international.com\/wp-content\/plugins\/wpforms-lite\/assets\/images\/submit-spin.svg\" class=\"wpforms-submit-spinner\" style=\"display: none;\" width=\"26\" height=\"26\" alt=\"Y\u00fckleniyor\"><\/div><\/form><\/div>  <!-- .wpforms-container -->\t\t\t\t<\/div>\n\t\t\t\t<\/div>\n\t\t\t\t<\/div>\n\t\t\t\t<\/div>\n\t\t\t\t\t<\/div>\n\t\t\t\t<\/div>\n\t\t<div class=\"elementor-element elementor-element-7047e0c e-flex e-con-boxed e-con e-parent\" data-id=\"7047e0c\" data-element_type=\"container\">\n\t\t\t\t\t<div class=\"e-con-inner\">\n\t\t\t\t\t<\/div>\n\t\t\t\t<\/div>\n\t\t\t\t<\/div>\n\t\t","protected":false},"excerpt":{"rendered":"<p>\u0130leti\u015fim E-Mail info@cnr-international.com Akl\u0131na tak\u0131lan bir \u015fey mi var? Hemen bizimle ileti\u015fime ge\u00e7. \u0130leti\u015fime Ge\u00e7in Size yard\u0131mc\u0131 olmak i\u00e7in buraday\u0131z. Birlikte, Amerika pazar\u0131nda s\u00fcrd\u00fcr\u00fclebilir bir ba\u015far\u0131 hik\u00e2yesi yazabiliriz. \u0130leti\u015fim info@cnr-international.com Please enable JavaScript in your browser to complete this form.Please enable JavaScript in your browser to complete this form.Ad Soyad *Email *Mesaj G\u00f6nder<\/p>\n","protected":false},"author":1,"featured_media":0,"parent":0,"menu_order":0,"comment_status":"closed","ping_status":"closed","template":"","meta":{"_uag_custom_page_level_css":"","site-sidebar-layout":"no-sidebar","site-content-layout":"page-builder","ast-site-content-layout":"full-width-container","site-content-style":"default","site-sidebar-style":"default","ast-global-header-display":"","ast-banner-title-visibility":"disabled","ast-main-header-display":"","ast-hfb-above-header-display":"","ast-hfb-below-header-display":"","ast-hfb-mobile-header-display":"","site-post-title":"disabled","ast-breadcrumbs-content":"","ast-featured-img":"disabled","footer-sml-layout":"","theme-transparent-header-meta":"enabled","adv-header-id-meta":"","stick-header-meta":"","header-above-stick-meta":"","header-main-stick-meta":"","header-below-stick-meta":"","astra-migrate-meta-layouts":"set","ast-page-background-enabled":"default","ast-page-background-meta":{"desktop":{"background-color":"var(--ast-global-color-4)","background-image":"","background-repeat":"repeat","background-position":"center center","background-size":"auto","background-attachment":"scroll","background-type":"","background-media":"","overlay-type":"","overlay-color":"","overlay-opacity":"","overlay-gradient":""},"tablet":{"background-color":"","background-image":"","background-repeat":"repeat","background-position":"center center","background-size":"auto","background-attachment":"scroll","background-type":"","background-media":"","overlay-type":"","overlay-color":"","overlay-opacity":"","overlay-gradient":""},"mobile":{"background-color":"","background-image":"","background-repeat":"repeat","background-position":"center center","background-size":"auto","background-attachment":"scroll","background-type":"","background-media":"","overlay-type":"","overlay-color":"","overlay-opacity":"","overlay-gradient":""}},"ast-content-background-meta":{"desktop":{"background-color":"var(--ast-global-color-5)","background-image":"","background-repeat":"repeat","background-position":"center center","background-size":"auto","background-attachment":"scroll","background-type":"","background-media":"","overlay-type":"","overlay-color":"","overlay-opacity":"","overlay-gradient":""},"tablet":{"background-color":"var(--ast-global-color-5)","background-image":"","background-repeat":"repeat","background-position":"center center","background-size":"auto","background-attachment":"scroll","background-type":"","background-media":"","overlay-type":"","overlay-color":"","overlay-opacity":"","overlay-gradient":""},"mobile":{"background-color":"var(--ast-global-color-5)","background-image":"","background-repeat":"repeat","background-position":"center center","background-size":"auto","background-attachment":"scroll","background-type":"","background-media":"","overlay-type":"","overlay-color":"","overlay-opacity":"","overlay-gradient":""}},"footnotes":""},"class_list":["post-319","page","type-page","status-publish","hentry"],"uagb_featured_image_src":{"full":false,"thumbnail":false,"medium":false,"medium_large":false,"large":false,"1536x1536":false,"2048x2048":false},"uagb_author_info":{"display_name":"theadmin","author_link":"https:\/\/cnr-international.com\/tr\/author\/theadmin\/"},"uagb_comment_info":0,"uagb_excerpt":"\u0130leti\u015fim E-Mail info@cnr-international.com Akl\u0131na tak\u0131lan bir \u015fey mi var? Hemen bizimle ileti\u015fime ge\u00e7. \u0130leti\u015fime Ge\u00e7in Size yard\u0131mc\u0131 olmak i\u00e7in buraday\u0131z. Birlikte, Amerika pazar\u0131nda s\u00fcrd\u00fcr\u00fclebilir bir ba\u015far\u0131 hik\u00e2yesi yazabiliriz. \u0130leti\u015fim info@cnr-international.com Please enable JavaScript in your browser to complete this form.Please enable JavaScript in your browser to complete this form.Ad Soyad *Email *Mesaj G\u00f6nder","_links":{"self":[{"href":"https:\/\/cnr-international.com\/tr\/wp-json\/wp\/v2\/pages\/319","targetHints":{"allow":["GET"]}}],"collection":[{"href":"https:\/\/cnr-international.com\/tr\/wp-json\/wp\/v2\/pages"}],"about":[{"href":"https:\/\/cnr-international.com\/tr\/wp-json\/wp\/v2\/types\/page"}],"author":[{"embeddable":true,"href":"https:\/\/cnr-international.com\/tr\/wp-json\/wp\/v2\/users\/1"}],"replies":[{"embeddable":true,"href":"https:\/\/cnr-international.com\/tr\/wp-json\/wp\/v2\/comments?post=319"}],"version-history":[{"count":25,"href":"https:\/\/cnr-international.com\/tr\/wp-json\/wp\/v2\/pages\/319\/revisions"}],"predecessor-version":[{"id":2155,"href":"https:\/\/cnr-international.com\/tr\/wp-json\/wp\/v2\/pages\/319\/revisions\/2155"}],"wp:attachment":[{"href":"https:\/\/cnr-international.com\/tr\/wp-json\/wp\/v2\/media?parent=319"}],"curies":[{"name":"wp","href":"https:\/\/api.w.org\/{rel}","templated":true}]}}