{"id":318,"date":"2025-11-13T10:01:18","date_gmt":"2025-11-13T10:01:18","guid":{"rendered":"https:\/\/cnr-international.com\/stories\/"},"modified":"2025-11-16T12:27:45","modified_gmt":"2025-11-16T12:27:45","slug":"hizmetler","status":"publish","type":"page","link":"https:\/\/cnr-international.com\/tr\/hizmetler\/","title":{"rendered":"Hizmetler"},"content":{"rendered":"\t\t<div data-elementor-type=\"wp-page\" data-elementor-id=\"318\" class=\"elementor elementor-318\">\n\t\t\t\t<div class=\"elementor-element elementor-element-05c0a46 e-flex e-con-boxed e-con e-parent\" data-id=\"05c0a46\" data-element_type=\"container\" data-settings=\"{&quot;background_background&quot;:&quot;classic&quot;}\">\n\t\t\t\t\t<div class=\"e-con-inner\">\n\t\t\t\t<div class=\"elementor-element elementor-element-786f55a elementor-widget elementor-widget-image-box\" data-id=\"786f55a\" data-element_type=\"widget\" data-widget_type=\"image-box.default\">\n\t\t\t\t<div class=\"elementor-widget-container\">\n\t\t\t\t\t<div class=\"elementor-image-box-wrapper\"><div class=\"elementor-image-box-content\"><h1 class=\"elementor-image-box-title\">Hizmetler<\/h1><\/div><\/div>\t\t\t\t<\/div>\n\t\t\t\t<\/div>\n\t\t\t\t\t<\/div>\n\t\t\t\t<\/div>\n\t\t<div class=\"elementor-element elementor-element-a7d355f e-flex e-con-boxed e-con e-parent\" data-id=\"a7d355f\" data-element_type=\"container\" data-settings=\"{&quot;background_background&quot;:&quot;classic&quot;}\">\n\t\t\t\t\t<div class=\"e-con-inner\">\n\t\t<div class=\"elementor-element elementor-element-59c7efa e-con-full e-flex e-con e-child\" data-id=\"59c7efa\" data-element_type=\"container\">\n\t\t\t\t<div class=\"elementor-element elementor-element-76b61bf elementor-widget elementor-widget-image-box\" data-id=\"76b61bf\" data-element_type=\"widget\" data-widget_type=\"image-box.default\">\n\t\t\t\t<div class=\"elementor-widget-container\">\n\t\t\t\t\t<div class=\"elementor-image-box-wrapper\"><div class=\"elementor-image-box-content\"><h2 class=\"elementor-image-box-title\">Hizmetler<\/h2><p class=\"elementor-image-box-description\">Dan\u0131\u015fmanl\u0131k \u00e7\u00f6z\u00fcmlerimiz, uluslararas\u0131 m\u00fc\u015fterilerimizin ABD yolculuklar\u0131n\u0131n her a\u015famas\u0131ndaki \u00e7e\u015fitli ihtiya\u00e7lar\u0131n\u0131 kar\u015f\u0131layacak \u015fekilde tamamen \u00f6zelle\u015ftirilmi\u015ftir:\n\n<\/p><\/div><\/div>\t\t\t\t<\/div>\n\t\t\t\t<\/div>\n\t\t\t\t<\/div>\n\t\t<div class=\"elementor-element elementor-element-12a26d6 e-con-full e-flex e-con e-child\" data-id=\"12a26d6\" data-element_type=\"container\">\n\t\t<div class=\"elementor-element elementor-element-b376046 e-con-full e-flex e-con e-child\" data-id=\"b376046\" data-element_type=\"container\" data-settings=\"{&quot;background_background&quot;:&quot;classic&quot;}\">\n\t\t<div class=\"elementor-element elementor-element-6fe92ac e-con-full e-flex e-con e-child\" data-id=\"6fe92ac\" data-element_type=\"container\">\n\t\t\t\t<div class=\"elementor-element elementor-element-dc228a8 elementor-position-top elementor-widget elementor-widget-image-box\" data-id=\"dc228a8\" data-element_type=\"widget\" data-widget_type=\"image-box.default\">\n\t\t\t\t<div class=\"elementor-widget-container\">\n\t\t\t\t\t<div class=\"elementor-image-box-wrapper\"><figure class=\"elementor-image-box-img\"><img fetchpriority=\"high\" decoding=\"async\" width=\"1000\" height=\"667\" src=\"https:\/\/cnr-international.com\/wp-content\/uploads\/2025\/11\/223.jpg\" class=\"attachment-full size-full wp-image-2049\" alt=\"\" srcset=\"https:\/\/cnr-international.com\/wp-content\/uploads\/2025\/11\/223.jpg 1000w, https:\/\/cnr-international.com\/wp-content\/uploads\/2025\/11\/223-300x200.jpg 300w, https:\/\/cnr-international.com\/wp-content\/uploads\/2025\/11\/223-768x512.jpg 768w\" sizes=\"(max-width: 1000px) 100vw, 1000px\" \/><\/figure><div class=\"elementor-image-box-content\"><h5 class=\"elementor-image-box-title\">1. \u0130\u015f Plan\u0131 Geli\u015ftirme<\/h5><p class=\"elementor-image-box-description\">Benzersiz g\u00fc\u00e7l\u00fc y\u00f6nlerinizi ve stratejik hedeflerinizi yans\u0131tan, yat\u0131r\u0131mc\u0131ya uygun, ABD odakl\u0131 i\u015f planlar\u0131 haz\u0131rl\u0131yoruz. Her plan \u015funlar\u0131 i\u00e7erir:\n\n<ul>\n<li>\nPazar segmentasyonu ve konumland\u0131rma\n<\/li>\n<li>\nFinansal projeksiyonlar\n<\/li>\n<li>\nOperasyonel yol haritalar\u0131\n<\/li>\n\n\n<\/p><\/div><\/div>\t\t\t\t<\/div>\n\t\t\t\t<\/div>\n\t\t\t\t<\/div>\n\t\t\t\t<\/div>\n\t\t<div class=\"elementor-element elementor-element-e3bd732 e-con-full e-flex e-con e-child\" data-id=\"e3bd732\" data-element_type=\"container\" data-settings=\"{&quot;background_background&quot;:&quot;classic&quot;}\">\n\t\t<div class=\"elementor-element elementor-element-156bbb6 e-con-full e-flex e-con e-child\" data-id=\"156bbb6\" data-element_type=\"container\">\n\t\t\t\t<div class=\"elementor-element elementor-element-7349870 elementor-position-top elementor-widget elementor-widget-image-box\" data-id=\"7349870\" data-element_type=\"widget\" data-widget_type=\"image-box.default\">\n\t\t\t\t<div class=\"elementor-widget-container\">\n\t\t\t\t\t<div class=\"elementor-image-box-wrapper\"><figure class=\"elementor-image-box-img\"><img decoding=\"async\" width=\"1000\" height=\"667\" src=\"https:\/\/cnr-international.com\/wp-content\/uploads\/2025\/11\/19461.jpg\" class=\"attachment-full size-full wp-image-2048\" alt=\"\" srcset=\"https:\/\/cnr-international.com\/wp-content\/uploads\/2025\/11\/19461.jpg 1000w, https:\/\/cnr-international.com\/wp-content\/uploads\/2025\/11\/19461-300x200.jpg 300w, https:\/\/cnr-international.com\/wp-content\/uploads\/2025\/11\/19461-768x512.jpg 768w\" sizes=\"(max-width: 1000px) 100vw, 1000px\" \/><\/figure><div class=\"elementor-image-box-content\"><h5 class=\"elementor-image-box-title\">2. Pazar Giri\u015f Stratejisi ve Uygulamas\u0131<\/h5><p class=\"elementor-image-box-description\">ABD pazar\u0131na girmek i\u00e7in veriye dayal\u0131 stratejiler geli\u015ftiriyoruz, bunlar aras\u0131nda \u015funlar yer al\u0131yor:\n<ul>\n<li>\nEn uygun giri\u015f zamanlamas\u0131 ve konumu\n<\/li>\n<li>\nOrtak ve distrib\u00fct\u00f6r modelleri\n<\/li>\n<li>\nM\u00fc\u015fteri edinme kanallar\u0131\n<\/li>\n<\/ul>\nDaha sonra ad\u0131m ad\u0131m uygulaman\u0131za yard\u0131mc\u0131 oluyoruz.\n\n<\/p><\/div><\/div>\t\t\t\t<\/div>\n\t\t\t\t<\/div>\n\t\t\t\t<\/div>\n\t\t\t\t<\/div>\n\t\t<div class=\"elementor-element elementor-element-83fd183 e-con-full e-flex e-con e-child\" data-id=\"83fd183\" data-element_type=\"container\" data-settings=\"{&quot;background_background&quot;:&quot;classic&quot;}\">\n\t\t<div class=\"elementor-element elementor-element-4095b87 e-con-full e-flex e-con e-child\" data-id=\"4095b87\" data-element_type=\"container\">\n\t\t\t\t<div class=\"elementor-element elementor-element-cfe5a81 elementor-position-top elementor-widget elementor-widget-image-box\" data-id=\"cfe5a81\" data-element_type=\"widget\" data-widget_type=\"image-box.default\">\n\t\t\t\t<div class=\"elementor-widget-container\">\n\t\t\t\t\t<div class=\"elementor-image-box-wrapper\"><figure class=\"elementor-image-box-img\"><img decoding=\"async\" width=\"1000\" height=\"667\" src=\"https:\/\/cnr-international.com\/wp-content\/uploads\/2025\/11\/19461.jpg\" class=\"attachment-full size-full wp-image-2048\" alt=\"\" srcset=\"https:\/\/cnr-international.com\/wp-content\/uploads\/2025\/11\/19461.jpg 1000w, https:\/\/cnr-international.com\/wp-content\/uploads\/2025\/11\/19461-300x200.jpg 300w, https:\/\/cnr-international.com\/wp-content\/uploads\/2025\/11\/19461-768x512.jpg 768w\" sizes=\"(max-width: 1000px) 100vw, 1000px\" \/><\/figure><div class=\"elementor-image-box-content\"><h5 class=\"elementor-image-box-title\">3. Rakip ve Sekt\u00f6r \u0130stihbarat\u0131<\/h5><p class=\"elementor-image-box-description\">\u0130\u00e7eri girmeden \u00f6nce manzaray\u0131 anlay\u0131n:\n<ul>\n<li> \nRakip k\u0131yaslamas\u0131\n<\/li>\n<li>\nTrend ve t\u00fcketici davran\u0131\u015f\u0131 i\u00e7g\u00f6r\u00fcleri\n<\/li>\n<li>\nD\u00fczenleyici ve politika analizi\n<\/li>\n<\/ul><\/p><\/div><\/div>\t\t\t\t<\/div>\n\t\t\t\t<\/div>\n\t\t\t\t<\/div>\n\t\t\t\t<\/div>\n\t\t\t\t<\/div>\n\t\t<div class=\"elementor-element elementor-element-7981980 e-con-full e-flex e-con e-child\" data-id=\"7981980\" data-element_type=\"container\">\n\t\t<div class=\"elementor-element elementor-element-3c3707f e-con-full e-flex e-con e-child\" data-id=\"3c3707f\" data-element_type=\"container\" data-settings=\"{&quot;background_background&quot;:&quot;classic&quot;}\">\n\t\t<div class=\"elementor-element elementor-element-af8bb5d e-con-full e-flex e-con e-child\" data-id=\"af8bb5d\" data-element_type=\"container\">\n\t\t\t\t<div class=\"elementor-element elementor-element-d4c4be8 elementor-position-top elementor-widget elementor-widget-image-box\" data-id=\"d4c4be8\" data-element_type=\"widget\" data-widget_type=\"image-box.default\">\n\t\t\t\t<div class=\"elementor-widget-container\">\n\t\t\t\t\t<div class=\"elementor-image-box-wrapper\"><figure class=\"elementor-image-box-img\"><img decoding=\"async\" width=\"1000\" height=\"667\" src=\"https:\/\/cnr-international.com\/wp-content\/uploads\/2025\/11\/2148985463.jpg\" class=\"attachment-full size-full wp-image-2051\" alt=\"\" srcset=\"https:\/\/cnr-international.com\/wp-content\/uploads\/2025\/11\/2148985463.jpg 1000w, https:\/\/cnr-international.com\/wp-content\/uploads\/2025\/11\/2148985463-300x200.jpg 300w, https:\/\/cnr-international.com\/wp-content\/uploads\/2025\/11\/2148985463-768x512.jpg 768w\" sizes=\"(max-width: 1000px) 100vw, 1000px\" \/><\/figure><div class=\"elementor-image-box-content\"><h5 class=\"elementor-image-box-title\">4. Gelir B\u00fcy\u00fcmesi ve Pazarlama Planlar\u0131<\/h5><p class=\"elementor-image-box-description\">\u015eunlar\u0131 olu\u015fturman\u0131za ve \u00f6l\u00e7eklendirmenize yard\u0131mc\u0131 oluyoruz:\n\n<ul>\n<li>\nABD'ye \u00f6zel gelir modelleri\n<\/li>\n<li>\n\u00dcr\u00fcn-pazar uyumunun optimizasyonu\n<\/li>\n<li>\n\u00d6l\u00e7eklenebilir sat\u0131\u015f ve pazarlama stratejileri\n<\/li>\n<\/ul><\/p><\/div><\/div>\t\t\t\t<\/div>\n\t\t\t\t<\/div>\n\t\t\t\t<\/div>\n\t\t\t\t<\/div>\n\t\t<div class=\"elementor-element elementor-element-72e5db0 e-con-full e-flex e-con e-child\" data-id=\"72e5db0\" data-element_type=\"container\" data-settings=\"{&quot;background_background&quot;:&quot;classic&quot;}\">\n\t\t<div class=\"elementor-element elementor-element-224420e e-con-full e-flex e-con e-child\" data-id=\"224420e\" data-element_type=\"container\">\n\t\t\t\t<div class=\"elementor-element elementor-element-ea7ec6b elementor-position-top elementor-widget elementor-widget-image-box\" data-id=\"ea7ec6b\" data-element_type=\"widget\" data-widget_type=\"image-box.default\">\n\t\t\t\t<div class=\"elementor-widget-container\">\n\t\t\t\t\t<div class=\"elementor-image-box-wrapper\"><figure class=\"elementor-image-box-img\"><img loading=\"lazy\" decoding=\"async\" width=\"1000\" height=\"667\" src=\"https:\/\/cnr-international.com\/wp-content\/uploads\/2025\/11\/14245.jpg\" class=\"attachment-full size-full wp-image-2050\" alt=\"\" srcset=\"https:\/\/cnr-international.com\/wp-content\/uploads\/2025\/11\/14245.jpg 1000w, https:\/\/cnr-international.com\/wp-content\/uploads\/2025\/11\/14245-300x200.jpg 300w, https:\/\/cnr-international.com\/wp-content\/uploads\/2025\/11\/14245-768x512.jpg 768w\" sizes=\"(max-width: 1000px) 100vw, 1000px\" \/><\/figure><div class=\"elementor-image-box-content\"><h5 class=\"elementor-image-box-title\">5. D\u00fczenleyici ve Operasyonel Rehberlik<\/h5><p class=\"elementor-image-box-description\">Uyumlu ve kendinize g\u00fcvenen kal\u0131n:\n\n<ul>\n<li>\nABD vergi ve yasal hususlar\n<\/li>\n<li>\n\u0130\u015fe al\u0131m uygulamalar\u0131 ve \u0130K politikalar\u0131\n<\/li>\n<li>\nVarl\u0131k kurulumu, lisanslama ve daha fazlas\u0131\n<\/li>\n<\/ul><\/p><\/div><\/div>\t\t\t\t<\/div>\n\t\t\t\t<\/div>\n\t\t\t\t<\/div>\n\t\t\t\t<\/div>\n\t\t\t\t<\/div>\n\t\t\t\t\t<\/div>\n\t\t\t\t<\/div>\n\t\t\t\t<\/div>\n\t\t","protected":false},"excerpt":{"rendered":"<p>Hizmetler Hizmetler Dan\u0131\u015fmanl\u0131k \u00e7\u00f6z\u00fcmlerimiz, uluslararas\u0131 m\u00fc\u015fterilerimizin ABD yolculuklar\u0131n\u0131n her a\u015famas\u0131ndaki \u00e7e\u015fitli ihtiya\u00e7lar\u0131n\u0131 kar\u015f\u0131layacak \u015fekilde tamamen \u00f6zelle\u015ftirilmi\u015ftir: 1. \u0130\u015f Plan\u0131 Geli\u015ftirme Benzersiz g\u00fc\u00e7l\u00fc y\u00f6nlerinizi ve stratejik hedeflerinizi yans\u0131tan, yat\u0131r\u0131mc\u0131ya uygun, ABD odakl\u0131 i\u015f planlar\u0131 haz\u0131rl\u0131yoruz. Her plan \u015funlar\u0131 i\u00e7erir: Pazar segmentasyonu ve konumland\u0131rma Finansal projeksiyonlar Operasyonel yol haritalar\u0131 2. Pazar Giri\u015f Stratejisi ve Uygulamas\u0131 ABD pazar\u0131na [&hellip;]<\/p>\n","protected":false},"author":1,"featured_media":0,"parent":0,"menu_order":0,"comment_status":"closed","ping_status":"closed","template":"","meta":{"_uag_custom_page_level_css":"","site-sidebar-layout":"no-sidebar","site-content-layout":"page-builder","ast-site-content-layout":"full-width-container","site-content-style":"default","site-sidebar-style":"default","ast-global-header-display":"","ast-banner-title-visibility":"disabled","ast-main-header-display":"","ast-hfb-above-header-display":"","ast-hfb-below-header-display":"","ast-hfb-mobile-header-display":"","site-post-title":"disabled","ast-breadcrumbs-content":"","ast-featured-img":"disabled","footer-sml-layout":"","theme-transparent-header-meta":"enabled","adv-header-id-meta":"","stick-header-meta":"","header-above-stick-meta":"","header-main-stick-meta":"","header-below-stick-meta":"","astra-migrate-meta-layouts":"set","ast-page-background-enabled":"default","ast-page-background-meta":{"desktop":{"background-color":"var(--ast-global-color-4)","background-image":"","background-repeat":"repeat","background-position":"center center","background-size":"auto","background-attachment":"scroll","background-type":"","background-media":"","overlay-type":"","overlay-color":"","overlay-opacity":"","overlay-gradient":""},"tablet":{"background-color":"","background-image":"","background-repeat":"repeat","background-position":"center center","background-size":"auto","background-attachment":"scroll","background-type":"","background-media":"","overlay-type":"","overlay-color":"","overlay-opacity":"","overlay-gradient":""},"mobile":{"background-color":"","background-image":"","background-repeat":"repeat","background-position":"center center","background-size":"auto","background-attachment":"scroll","background-type":"","background-media":"","overlay-type":"","overlay-color":"","overlay-opacity":"","overlay-gradient":""}},"ast-content-background-meta":{"desktop":{"background-color":"var(--ast-global-color-5)","background-image":"","background-repeat":"repeat","background-position":"center center","background-size":"auto","background-attachment":"scroll","background-type":"","background-media":"","overlay-type":"","overlay-color":"","overlay-opacity":"","overlay-gradient":""},"tablet":{"background-color":"var(--ast-global-color-5)","background-image":"","background-repeat":"repeat","background-position":"center center","background-size":"auto","background-attachment":"scroll","background-type":"","background-media":"","overlay-type":"","overlay-color":"","overlay-opacity":"","overlay-gradient":""},"mobile":{"background-color":"var(--ast-global-color-5)","background-image":"","background-repeat":"repeat","background-position":"center center","background-size":"auto","background-attachment":"scroll","background-type":"","background-media":"","overlay-type":"","overlay-color":"","overlay-opacity":"","overlay-gradient":""}},"footnotes":""},"class_list":["post-318","page","type-page","status-publish","hentry"],"uagb_featured_image_src":{"full":false,"thumbnail":false,"medium":false,"medium_large":false,"large":false,"1536x1536":false,"2048x2048":false},"uagb_author_info":{"display_name":"theadmin","author_link":"https:\/\/cnr-international.com\/tr\/author\/theadmin\/"},"uagb_comment_info":0,"uagb_excerpt":"Hizmetler Hizmetler Dan\u0131\u015fmanl\u0131k \u00e7\u00f6z\u00fcmlerimiz, uluslararas\u0131 m\u00fc\u015fterilerimizin ABD yolculuklar\u0131n\u0131n her a\u015famas\u0131ndaki \u00e7e\u015fitli ihtiya\u00e7lar\u0131n\u0131 kar\u015f\u0131layacak \u015fekilde tamamen \u00f6zelle\u015ftirilmi\u015ftir: 1. \u0130\u015f Plan\u0131 Geli\u015ftirme Benzersiz g\u00fc\u00e7l\u00fc y\u00f6nlerinizi ve stratejik hedeflerinizi yans\u0131tan, yat\u0131r\u0131mc\u0131ya uygun, ABD odakl\u0131 i\u015f planlar\u0131 haz\u0131rl\u0131yoruz. Her plan \u015funlar\u0131 i\u00e7erir: Pazar segmentasyonu ve konumland\u0131rma Finansal projeksiyonlar Operasyonel yol haritalar\u0131 2. Pazar Giri\u015f Stratejisi ve Uygulamas\u0131 ABD pazar\u0131na&hellip;","_links":{"self":[{"href":"https:\/\/cnr-international.com\/tr\/wp-json\/wp\/v2\/pages\/318","targetHints":{"allow":["GET"]}}],"collection":[{"href":"https:\/\/cnr-international.com\/tr\/wp-json\/wp\/v2\/pages"}],"about":[{"href":"https:\/\/cnr-international.com\/tr\/wp-json\/wp\/v2\/types\/page"}],"author":[{"embeddable":true,"href":"https:\/\/cnr-international.com\/tr\/wp-json\/wp\/v2\/users\/1"}],"replies":[{"embeddable":true,"href":"https:\/\/cnr-international.com\/tr\/wp-json\/wp\/v2\/comments?post=318"}],"version-history":[{"count":7,"href":"https:\/\/cnr-international.com\/tr\/wp-json\/wp\/v2\/pages\/318\/revisions"}],"predecessor-version":[{"id":2149,"href":"https:\/\/cnr-international.com\/tr\/wp-json\/wp\/v2\/pages\/318\/revisions\/2149"}],"wp:attachment":[{"href":"https:\/\/cnr-international.com\/tr\/wp-json\/wp\/v2\/media?parent=318"}],"curies":[{"name":"wp","href":"https:\/\/api.w.org\/{rel}","templated":true}]}}