{"id":316,"date":"2025-11-13T10:01:18","date_gmt":"2025-11-13T10:01:18","guid":{"rendered":"https:\/\/cnr-international.com\/about-us\/"},"modified":"2025-11-16T12:27:29","modified_gmt":"2025-11-16T12:27:29","slug":"hakkimizda","status":"publish","type":"page","link":"https:\/\/cnr-international.com\/tr\/hakkimizda\/","title":{"rendered":"Hakk\u0131m\u0131zda"},"content":{"rendered":"\t\t<div data-elementor-type=\"wp-page\" data-elementor-id=\"316\" class=\"elementor elementor-316\">\n\t\t\t\t<div class=\"elementor-element elementor-element-3cb39b3 e-flex e-con-boxed e-con e-parent\" data-id=\"3cb39b3\" data-element_type=\"container\" data-settings=\"{&quot;background_background&quot;:&quot;classic&quot;}\">\n\t\t\t\t\t<div class=\"e-con-inner\">\n\t\t\t\t<div class=\"elementor-element elementor-element-8e69d4d elementor-widget elementor-widget-image-box\" data-id=\"8e69d4d\" data-element_type=\"widget\" data-widget_type=\"image-box.default\">\n\t\t\t\t<div class=\"elementor-widget-container\">\n\t\t\t\t\t<div class=\"elementor-image-box-wrapper\"><div class=\"elementor-image-box-content\"><h1 class=\"elementor-image-box-title\">Hakk\u0131m\u0131zda<\/h1><\/div><\/div>\t\t\t\t<\/div>\n\t\t\t\t<\/div>\n\t\t\t\t\t<\/div>\n\t\t\t\t<\/div>\n\t\t<div class=\"elementor-element elementor-element-f174499 e-flex e-con-boxed e-con e-parent\" data-id=\"f174499\" data-element_type=\"container\" data-settings=\"{&quot;background_background&quot;:&quot;classic&quot;}\">\n\t\t\t\t\t<div class=\"e-con-inner\">\n\t\t<div class=\"elementor-element elementor-element-ee43ee7 e-con-full e-flex e-con e-child\" data-id=\"ee43ee7\" data-element_type=\"container\">\n\t\t\t\t<div class=\"elementor-element elementor-element-c7f74c3 elementor-widget elementor-widget-image-box\" data-id=\"c7f74c3\" data-element_type=\"widget\" data-widget_type=\"image-box.default\">\n\t\t\t\t<div class=\"elementor-widget-container\">\n\t\t\t\t\t<div class=\"elementor-image-box-wrapper\"><div class=\"elementor-image-box-content\"><h3 class=\"elementor-image-box-title\">CNR International<\/h3><p class=\"elementor-image-box-description\">ABD i\u015f uygulamalar\u0131, d\u00fczenleyici \u00e7er\u00e7eveler ve piyasa davran\u0131\u015flar\u0131 konusunda derin uzmanl\u0131\u011fa sahip, k\u00fcresel \u00e7apta ba\u011flant\u0131l\u0131 bir dan\u0131\u015fmanl\u0131k firmas\u0131y\u0131z. Misyonumuz basit ama g\u00fc\u00e7l\u00fc: <b> Uluslararas\u0131 \u015firketlerin i\u00e7g\u00f6r\u00fc odakl\u0131 stratejiler, yerelle\u015ftirilmi\u015f uygulama planlar\u0131 ve u\u00e7tan uca destek yoluyla ABD pazar\u0131nda ba\u015far\u0131l\u0131 olmalar\u0131n\u0131 sa\u011flamak . <\/b><\/p><\/div><\/div>\t\t\t\t<\/div>\n\t\t\t\t<\/div>\n\t\t\t\t<div class=\"elementor-element elementor-element-34a4e47 elementor-widget elementor-widget-image-box\" data-id=\"34a4e47\" data-element_type=\"widget\" data-widget_type=\"image-box.default\">\n\t\t\t\t<div class=\"elementor-widget-container\">\n\t\t\t\t\t<div class=\"elementor-image-box-wrapper\"><div class=\"elementor-image-box-content\"><p class=\"elementor-image-box-description\">Uyumluluk ve rekabette yol almaktan geliri art\u0131rmaya ve uzun vadeli pazar varl\u0131\u011f\u0131 olu\u015fturmaya kadar, geli\u015fmek i\u00e7in gereken ara\u00e7lar\u0131, bilgiyi ve uygulamal\u0131 deste\u011fi sa\u011fl\u0131yoruz.<\/p><\/div><\/div>\t\t\t\t<\/div>\n\t\t\t\t<\/div>\n\t\t\t\t<\/div>\n\t\t<div class=\"elementor-element elementor-element-bb789a6 e-con-full e-flex e-con e-child\" data-id=\"bb789a6\" data-element_type=\"container\">\n\t\t<div class=\"elementor-element elementor-element-07f2643 e-con-full e-flex e-con e-child\" data-id=\"07f2643\" data-element_type=\"container\">\n\t\t\t\t<div class=\"elementor-element elementor-element-5d2a3e1 elementor-widget elementor-widget-image\" data-id=\"5d2a3e1\" data-element_type=\"widget\" data-widget_type=\"image.default\">\n\t\t\t\t<div class=\"elementor-widget-container\">\n\t\t\t\t\t\t\t\t\t\t\t\t\t\t\t<img fetchpriority=\"high\" decoding=\"async\" width=\"1000\" height=\"667\" src=\"https:\/\/cnr-international.com\/wp-content\/uploads\/2025\/11\/629.jpg\" class=\"attachment-large size-large wp-image-2045\" alt=\"\" srcset=\"https:\/\/cnr-international.com\/wp-content\/uploads\/2025\/11\/629.jpg 1000w, https:\/\/cnr-international.com\/wp-content\/uploads\/2025\/11\/629-300x200.jpg 300w, https:\/\/cnr-international.com\/wp-content\/uploads\/2025\/11\/629-768x512.jpg 768w\" sizes=\"(max-width: 1000px) 100vw, 1000px\" \/>\t\t\t\t\t\t\t\t\t\t\t\t\t\t\t<\/div>\n\t\t\t\t<\/div>\n\t\t\t\t<div class=\"elementor-element elementor-element-98e33e0 elementor-widget elementor-widget-image\" data-id=\"98e33e0\" data-element_type=\"widget\" data-widget_type=\"image.default\">\n\t\t\t\t<div class=\"elementor-widget-container\">\n\t\t\t\t\t\t\t\t\t\t\t\t\t\t\t<img decoding=\"async\" width=\"1000\" height=\"667\" src=\"https:\/\/cnr-international.com\/wp-content\/uploads\/2025\/11\/13621.jpg\" class=\"attachment-large size-large wp-image-2044\" alt=\"\" srcset=\"https:\/\/cnr-international.com\/wp-content\/uploads\/2025\/11\/13621.jpg 1000w, https:\/\/cnr-international.com\/wp-content\/uploads\/2025\/11\/13621-300x200.jpg 300w, https:\/\/cnr-international.com\/wp-content\/uploads\/2025\/11\/13621-768x512.jpg 768w\" sizes=\"(max-width: 1000px) 100vw, 1000px\" \/>\t\t\t\t\t\t\t\t\t\t\t\t\t\t\t<\/div>\n\t\t\t\t<\/div>\n\t\t\t\t<\/div>\n\t\t<div class=\"elementor-element elementor-element-63fc36d e-con-full e-flex e-con e-child\" data-id=\"63fc36d\" data-element_type=\"container\">\n\t\t\t\t<div class=\"elementor-element elementor-element-ddba183 elementor-widget elementor-widget-image\" data-id=\"ddba183\" data-element_type=\"widget\" data-widget_type=\"image.default\">\n\t\t\t\t<div class=\"elementor-widget-container\">\n\t\t\t\t\t\t\t\t\t\t\t\t\t\t\t<img decoding=\"async\" width=\"1000\" height=\"667\" src=\"https:\/\/cnr-international.com\/wp-content\/uploads\/2025\/11\/2147838603.jpg\" class=\"attachment-large size-large wp-image-2042\" alt=\"\" srcset=\"https:\/\/cnr-international.com\/wp-content\/uploads\/2025\/11\/2147838603.jpg 1000w, https:\/\/cnr-international.com\/wp-content\/uploads\/2025\/11\/2147838603-300x200.jpg 300w, https:\/\/cnr-international.com\/wp-content\/uploads\/2025\/11\/2147838603-768x512.jpg 768w\" sizes=\"(max-width: 1000px) 100vw, 1000px\" \/>\t\t\t\t\t\t\t\t\t\t\t\t\t\t\t<\/div>\n\t\t\t\t<\/div>\n\t\t\t\t<div class=\"elementor-element elementor-element-948049e elementor-widget elementor-widget-image\" data-id=\"948049e\" data-element_type=\"widget\" data-widget_type=\"image.default\">\n\t\t\t\t<div class=\"elementor-widget-container\">\n\t\t\t\t\t\t\t\t\t\t\t\t\t\t\t<img loading=\"lazy\" decoding=\"async\" width=\"1000\" height=\"667\" src=\"https:\/\/cnr-international.com\/wp-content\/uploads\/2025\/11\/2147702476.jpg\" class=\"attachment-large size-large wp-image-2043\" alt=\"\" srcset=\"https:\/\/cnr-international.com\/wp-content\/uploads\/2025\/11\/2147702476.jpg 1000w, https:\/\/cnr-international.com\/wp-content\/uploads\/2025\/11\/2147702476-300x200.jpg 300w, https:\/\/cnr-international.com\/wp-content\/uploads\/2025\/11\/2147702476-768x512.jpg 768w\" sizes=\"(max-width: 1000px) 100vw, 1000px\" \/>\t\t\t\t\t\t\t\t\t\t\t\t\t\t\t<\/div>\n\t\t\t\t<\/div>\n\t\t\t\t<\/div>\n\t\t\t\t<\/div>\n\t\t\t\t\t<\/div>\n\t\t\t\t<\/div>\n\t\t<div class=\"elementor-element elementor-element-6c800e6 e-flex e-con-boxed e-con e-parent\" data-id=\"6c800e6\" data-element_type=\"container\" data-settings=\"{&quot;background_background&quot;:&quot;classic&quot;}\">\n\t\t\t\t\t<div class=\"e-con-inner\">\n\t\t\t\t<div class=\"elementor-element elementor-element-d9e796a elementor-widget elementor-widget-heading\" data-id=\"d9e796a\" data-element_type=\"widget\" data-widget_type=\"heading.default\">\n\t\t\t\t<div class=\"elementor-widget-container\">\n\t\t\t\t\t<p class=\"elementor-heading-title elementor-size-default\">B\u0130Z\u0130 DAHA YAKINDAN TANIYIN<\/p>\t\t\t\t<\/div>\n\t\t\t\t<\/div>\n\t\t\t\t<div class=\"elementor-element elementor-element-a171dbe elementor-widget elementor-widget-heading\" data-id=\"a171dbe\" data-element_type=\"widget\" data-widget_type=\"heading.default\">\n\t\t\t\t<div class=\"elementor-widget-container\">\n\t\t\t\t\t<h2 class=\"elementor-heading-title elementor-size-default\">CNR International olarak, k\u00fcresel \u015firketlerin Amerika\u2019da s\u00fcrd\u00fcr\u00fclebilir ba\u015far\u0131ya ula\u015fmalar\u0131n\u0131 sa\u011fl\u0131yoruz.<\/h2>\t\t\t\t<\/div>\n\t\t\t\t<\/div>\n\t\t\t\t<div class=\"elementor-element elementor-element-9071c7d elementor-widget elementor-widget-heading\" data-id=\"9071c7d\" data-element_type=\"widget\" data-widget_type=\"heading.default\">\n\t\t\t\t<div class=\"elementor-widget-container\">\n\t\t\t\t\t<p class=\"elementor-heading-title elementor-size-default\">\u015eirketlerin ABD pazar\u0131ndaki b\u00fcy\u00fcme yolculuklar\u0131n\u0131 g\u00fcvenli, stratejik ve \u00f6l\u00e7\u00fclebilir hale getirmek.\nDerin pazar bilgimiz, sekt\u00f6rel uzmanl\u0131\u011f\u0131m\u0131z ve uygulamaya odakl\u0131 yakla\u015f\u0131m\u0131m\u0131zla i\u015fletmelere sadece rehberlik etmiyor; onlar\u0131n g\u00fc\u00e7l\u00fc bir pazar varl\u0131\u011f\u0131 olu\u015fturmalar\u0131na yard\u0131mc\u0131 oluyoruz.<\/p>\t\t\t\t<\/div>\n\t\t\t\t<\/div>\n\t\t\t\t<div class=\"elementor-element elementor-element-9ae2824 elementor-align-center elementor-widget elementor-widget-button\" data-id=\"9ae2824\" data-element_type=\"widget\" data-widget_type=\"button.default\">\n\t\t\t\t<div class=\"elementor-widget-container\">\n\t\t\t\t\t\t\t\t\t<div class=\"elementor-button-wrapper\">\n\t\t\t\t\t<a class=\"elementor-button elementor-button-link elementor-size-sm\" href=\"\/iletisim\">\n\t\t\t\t\t\t<span class=\"elementor-button-content-wrapper\">\n\t\t\t\t\t\t\t\t\t<span class=\"elementor-button-text\">Bizimle \u00c7al\u0131\u015f\u0131n<\/span>\n\t\t\t\t\t<\/span>\n\t\t\t\t\t<\/a>\n\t\t\t\t<\/div>\n\t\t\t\t\t\t\t\t<\/div>\n\t\t\t\t<\/div>\n\t\t\t\t\t<\/div>\n\t\t\t\t<\/div>\n\t\t\t\t<\/div>\n\t\t","protected":false},"excerpt":{"rendered":"<p>Hakk\u0131m\u0131zda CNR International ABD i\u015f uygulamalar\u0131, d\u00fczenleyici \u00e7er\u00e7eveler ve piyasa davran\u0131\u015flar\u0131 konusunda derin uzmanl\u0131\u011fa sahip, k\u00fcresel \u00e7apta ba\u011flant\u0131l\u0131 bir dan\u0131\u015fmanl\u0131k firmas\u0131y\u0131z. Misyonumuz basit ama g\u00fc\u00e7l\u00fc: Uluslararas\u0131 \u015firketlerin i\u00e7g\u00f6r\u00fc odakl\u0131 stratejiler, yerelle\u015ftirilmi\u015f uygulama planlar\u0131 ve u\u00e7tan uca destek yoluyla ABD pazar\u0131nda ba\u015far\u0131l\u0131 olmalar\u0131n\u0131 sa\u011flamak . Uyumluluk ve rekabette yol almaktan geliri art\u0131rmaya ve uzun vadeli pazar [&hellip;]<\/p>\n","protected":false},"author":1,"featured_media":0,"parent":0,"menu_order":0,"comment_status":"closed","ping_status":"closed","template":"","meta":{"_uag_custom_page_level_css":"","site-sidebar-layout":"no-sidebar","site-content-layout":"page-builder","ast-site-content-layout":"full-width-container","site-content-style":"default","site-sidebar-style":"default","ast-global-header-display":"","ast-banner-title-visibility":"disabled","ast-main-header-display":"","ast-hfb-above-header-display":"","ast-hfb-below-header-display":"","ast-hfb-mobile-header-display":"","site-post-title":"disabled","ast-breadcrumbs-content":"","ast-featured-img":"disabled","footer-sml-layout":"","theme-transparent-header-meta":"enabled","adv-header-id-meta":"","stick-header-meta":"","header-above-stick-meta":"","header-main-stick-meta":"","header-below-stick-meta":"","astra-migrate-meta-layouts":"set","ast-page-background-enabled":"default","ast-page-background-meta":{"desktop":{"background-color":"var(--ast-global-color-4)","background-image":"","background-repeat":"repeat","background-position":"center center","background-size":"auto","background-attachment":"scroll","background-type":"","background-media":"","overlay-type":"","overlay-color":"","overlay-opacity":"","overlay-gradient":""},"tablet":{"background-color":"","background-image":"","background-repeat":"repeat","background-position":"center center","background-size":"auto","background-attachment":"scroll","background-type":"","background-media":"","overlay-type":"","overlay-color":"","overlay-opacity":"","overlay-gradient":""},"mobile":{"background-color":"","background-image":"","background-repeat":"repeat","background-position":"center center","background-size":"auto","background-attachment":"scroll","background-type":"","background-media":"","overlay-type":"","overlay-color":"","overlay-opacity":"","overlay-gradient":""}},"ast-content-background-meta":{"desktop":{"background-color":"var(--ast-global-color-5)","background-image":"","background-repeat":"repeat","background-position":"center center","background-size":"auto","background-attachment":"scroll","background-type":"","background-media":"","overlay-type":"","overlay-color":"","overlay-opacity":"","overlay-gradient":""},"tablet":{"background-color":"var(--ast-global-color-5)","background-image":"","background-repeat":"repeat","background-position":"center center","background-size":"auto","background-attachment":"scroll","background-type":"","background-media":"","overlay-type":"","overlay-color":"","overlay-opacity":"","overlay-gradient":""},"mobile":{"background-color":"var(--ast-global-color-5)","background-image":"","background-repeat":"repeat","background-position":"center center","background-size":"auto","background-attachment":"scroll","background-type":"","background-media":"","overlay-type":"","overlay-color":"","overlay-opacity":"","overlay-gradient":""}},"footnotes":""},"class_list":["post-316","page","type-page","status-publish","hentry"],"uagb_featured_image_src":{"full":false,"thumbnail":false,"medium":false,"medium_large":false,"large":false,"1536x1536":false,"2048x2048":false},"uagb_author_info":{"display_name":"theadmin","author_link":"https:\/\/cnr-international.com\/tr\/author\/theadmin\/"},"uagb_comment_info":0,"uagb_excerpt":"Hakk\u0131m\u0131zda CNR International ABD i\u015f uygulamalar\u0131, d\u00fczenleyici \u00e7er\u00e7eveler ve piyasa davran\u0131\u015flar\u0131 konusunda derin uzmanl\u0131\u011fa sahip, k\u00fcresel \u00e7apta ba\u011flant\u0131l\u0131 bir dan\u0131\u015fmanl\u0131k firmas\u0131y\u0131z. Misyonumuz basit ama g\u00fc\u00e7l\u00fc: Uluslararas\u0131 \u015firketlerin i\u00e7g\u00f6r\u00fc odakl\u0131 stratejiler, yerelle\u015ftirilmi\u015f uygulama planlar\u0131 ve u\u00e7tan uca destek yoluyla ABD pazar\u0131nda ba\u015far\u0131l\u0131 olmalar\u0131n\u0131 sa\u011flamak . Uyumluluk ve rekabette yol almaktan geliri art\u0131rmaya ve uzun vadeli pazar&hellip;","_links":{"self":[{"href":"https:\/\/cnr-international.com\/tr\/wp-json\/wp\/v2\/pages\/316","targetHints":{"allow":["GET"]}}],"collection":[{"href":"https:\/\/cnr-international.com\/tr\/wp-json\/wp\/v2\/pages"}],"about":[{"href":"https:\/\/cnr-international.com\/tr\/wp-json\/wp\/v2\/types\/page"}],"author":[{"embeddable":true,"href":"https:\/\/cnr-international.com\/tr\/wp-json\/wp\/v2\/users\/1"}],"replies":[{"embeddable":true,"href":"https:\/\/cnr-international.com\/tr\/wp-json\/wp\/v2\/comments?post=316"}],"version-history":[{"count":13,"href":"https:\/\/cnr-international.com\/tr\/wp-json\/wp\/v2\/pages\/316\/revisions"}],"predecessor-version":[{"id":2146,"href":"https:\/\/cnr-international.com\/tr\/wp-json\/wp\/v2\/pages\/316\/revisions\/2146"}],"wp:attachment":[{"href":"https:\/\/cnr-international.com\/tr\/wp-json\/wp\/v2\/media?parent=316"}],"curies":[{"name":"wp","href":"https:\/\/api.w.org\/{rel}","templated":true}]}}